{"id":1427,"date":"2024-04-05T14:44:17","date_gmt":"2024-04-05T12:44:17","guid":{"rendered":"https:\/\/scenkonstmuseet.se\/?page_id=1427"},"modified":"2024-10-25T10:11:18","modified_gmt":"2024-10-25T08:11:18","slug":"fuomas-lavdedaiddamusea-scenkonstmuseet","status":"publish","type":"page","link":"https:\/\/scenkonstmuseet.se\/sm\/","title":{"rendered":"Fuom\u00e1\u0161 L\u00e1vded\u00e1iddamusea \/ Scenkonstmuseet"},"content":{"rendered":"\n\n<div class=\"w-constrained richtext\"><external-link-icon>\n<p>L\u00e1vded\u00e1iddamusea lea musihka, te\u00e1htera ja d\u00e1nssa st\u00e1htala\u0161 musea. Museas deaivvadat l\u00e1vded\u00e1idaga historjj\u00e1in ja d\u00e1l\u00e1\u00e1iggiin. D\u00e1ppe oainn\u00e1t sihke l\u00e1vdebiktasiid, \u010duojanasaid, origin\u00e1lagiehta\u010d\u00e1llosiid ja maidd\u00e1i interaktiiva sta\u0161uvnnaid ja m\u00e1\u014bggabealat d\u00e1idagiid.<\/p>\n<\/external-link-icon><\/div>\n\n<div class=\"w-constrained richtext\"><external-link-icon>\n<p>L\u00e1vded\u00e1iddamusea lea \u010d\u00e1ppa Kronobageriijas mii muittuha 1600-logu. B\u00e1iki lea ovdal leama\u0161 l\u00e1ibbohat, vearjovuork\u00e1 ja buollinviinnavuork\u00e1. Viessu lea okta Davvi-Eurohp\u00e1 boarr\u00e1samos seailluhuvvon industriija\u00e1sahus ja lea guoss\u00e1stallamis seamm\u00e1 deh\u00e1la\u0161 oassi museas go min d\u00e1vvirat ja huksehusat.<\/p>\n<\/external-link-icon><\/div>\n\n<div class=\"w-constrained richtext\"><external-link-icon>\n<p>Mii leat oassin St\u00e1hta musihkkadoaimmahagas mii sirrejuvvo kulturdepartementii.<\/p>\n<\/external-link-icon><\/div>\n\n<div class=\"w-constrained richtext\"><external-link-icon>\n<h2 class=\"wp-block-heading\">50&nbsp;000 d\u00e1vvira \u2013 \u010doakk\u00e1ldat njunno\u0161is<\/h2>\n<\/external-link-icon><\/div>\n\n<div class=\"w-constrained richtext\"><external-link-icon>\n<p>Lavded\u00e1iddamuseas lea viiddes \u010doakk\u00e1ldat mas leat lagabui 50&nbsp;000 d\u00e1vvira. Doppe g\u00e1vnnat earret ear\u00e1 \u010duojanasaid, l\u00e1vdeh\u00e1bmenm\u00e1llii, te\u00e1hterdohk\u00e1id, l\u00e1vdebiktasiid ja govvad\u00e1idagiid. Min \u010duojanas\u010doakk\u00e1ldagas leat 6000 d\u00e1vvira ja lea okta m\u00e1ilmmi stuor\u00e1musain, mas boarr\u00e1samosat bohtet 1600-logus.<\/p>\n<\/external-link-icon><\/div>\n\n<div class=\"w-constrained richtext\"><external-link-icon>\n<p>Lea vejola\u0161 oaidnit ollu musea d\u00e1vvirii L\u00e1vded\u00e1iddamuseas, muhto stuor\u00e1mus oassi vurkejuvvojit museavuorkk\u00e1s. Min intendeanttat barget bissova\u010d\u010dat seailluhemiin, dokumenteremiin ja dutkan doarjumiin.<\/p>\n<\/external-link-icon><\/div>\n\n<div class=\"w-constrained richtext\"><external-link-icon>\n<p>Jus h\u00e1liidat galledit min \u010doakk\u00e1ldaga dahje v\u00e1ldit oktavuo\u0111a muhtin min intendeanttaiguin de s\u00e1ht\u00e1t s\u00e1ddet die\u0111u <a href=\"mailto:samling@scenkonstmuseet.se\">samling@scenkonstmuseet.se<\/a><\/p>\n<\/external-link-icon><\/div>","protected":false},"excerpt":{"rendered":"<p>L\u00e1vded\u00e1iddamusea lea musihka, te\u00e1htera ja d\u00e1nssa st\u00e1htala\u0161 musea. Museas deaivvadat l\u00e1vded\u00e1idaga historjj\u00e1in ja d\u00e1l\u00e1\u00e1iggiin. D\u00e1ppe oainn\u00e1t sihke l\u00e1vdebiktasiid, \u010duojanasaid, origin\u00e1lagiehta\u010d\u00e1llosiid ja maidd\u00e1i interaktiiva sta\u0161uvnnaid ja m\u00e1\u014bggabealat d\u00e1idagiid. L\u00e1vded\u00e1iddamusea lea \u010d\u00e1ppa Kronobageriijas mii muittuha 1600-logu. B\u00e1iki lea ovdal leama\u0161 l\u00e1ibbohat, vearjovuork\u00e1 ja buollinviinnavuork\u00e1. Viessu lea okta Davvi-Eurohp\u00e1 boarr\u00e1samos seailluhuvvon industriija\u00e1sahus ja lea guoss\u00e1stallamis seamm\u00e1 deh\u00e1la\u0161 oassi [&hellip;]<\/p>\n","protected":false},"author":2,"featured_media":0,"parent":0,"menu_order":-100,"comment_status":"closed","ping_status":"closed","template":"","meta":{"_acf_changed":false,"footnotes":""},"class_list":["post-1427","page","type-page","status-publish","hentry"],"acf":[],"yoast_head":"<!-- This site is optimized with the Yoast SEO plugin v25.8 - https:\/\/yoast.com\/wordpress\/plugins\/seo\/ -->\n<title>Fuom\u00e1\u0161 L\u00e1vded\u00e1iddamusea \/ Scenkonstmuseet - Scenkonstmuseet<\/title>\n<meta name=\"robots\" content=\"index, follow, max-snippet:-1, max-image-preview:large, max-video-preview:-1\" \/>\n<link rel=\"canonical\" href=\"https:\/\/scenkonstmuseet.se\/\" \/>\n<meta property=\"og:locale\" content=\"en_US\" \/>\n<meta property=\"og:type\" content=\"article\" \/>\n<meta property=\"og:title\" content=\"Fuom\u00e1\u0161 L\u00e1vded\u00e1iddamusea \/ Scenkonstmuseet - Scenkonstmuseet\" \/>\n<meta property=\"og:description\" content=\"L\u00e1vded\u00e1iddamusea lea musihka, te\u00e1htera ja d\u00e1nssa st\u00e1htala\u0161 musea. Museas deaivvadat l\u00e1vded\u00e1idaga historjj\u00e1in ja d\u00e1l\u00e1\u00e1iggiin. D\u00e1ppe oainn\u00e1t sihke l\u00e1vdebiktasiid, \u010duojanasaid, origin\u00e1lagiehta\u010d\u00e1llosiid ja maidd\u00e1i interaktiiva sta\u0161uvnnaid ja m\u00e1\u014bggabealat d\u00e1idagiid. L\u00e1vded\u00e1iddamusea lea \u010d\u00e1ppa Kronobageriijas mii muittuha 1600-logu. B\u00e1iki lea ovdal leama\u0161 l\u00e1ibbohat, vearjovuork\u00e1 ja buollinviinnavuork\u00e1. Viessu lea okta Davvi-Eurohp\u00e1 boarr\u00e1samos seailluhuvvon industriija\u00e1sahus ja lea guoss\u00e1stallamis seamm\u00e1 deh\u00e1la\u0161 oassi [&hellip;]\" \/>\n<meta property=\"og:url\" content=\"https:\/\/scenkonstmuseet.se\/\" \/>\n<meta property=\"og:site_name\" content=\"Scenkonstmuseet\" \/>\n<meta property=\"article:modified_time\" content=\"2024-10-25T08:11:18+00:00\" \/>\n<meta name=\"twitter:card\" content=\"summary_large_image\" \/>\n<meta name=\"twitter:label1\" content=\"Est. reading time\" \/>\n\t<meta name=\"twitter:data1\" content=\"1 minute\" \/>\n<script type=\"application\/ld+json\" class=\"yoast-schema-graph\">{\"@context\":\"https:\/\/schema.org\",\"@graph\":[{\"@type\":\"WebPage\",\"@id\":\"https:\/\/scenkonstmuseet.se\/\",\"url\":\"https:\/\/scenkonstmuseet.se\/\",\"name\":\"Fuom\u00e1\u0161 L\u00e1vded\u00e1iddamusea \/ Scenkonstmuseet - Scenkonstmuseet\",\"isPartOf\":{\"@id\":\"https:\/\/scenkonstmuseet.se\/#website\"},\"datePublished\":\"2024-04-05T12:44:17+00:00\",\"dateModified\":\"2024-10-25T08:11:18+00:00\",\"breadcrumb\":{\"@id\":\"https:\/\/scenkonstmuseet.se\/#breadcrumb\"},\"inLanguage\":\"sm\",\"potentialAction\":[{\"@type\":\"ReadAction\",\"target\":[\"https:\/\/scenkonstmuseet.se\/\"]}]},{\"@type\":\"BreadcrumbList\",\"@id\":\"https:\/\/scenkonstmuseet.se\/#breadcrumb\",\"itemListElement\":[{\"@type\":\"ListItem\",\"position\":1,\"name\":\"Home\",\"item\":\"https:\/\/scenkonstmuseet.se\/\"},{\"@type\":\"ListItem\",\"position\":2,\"name\":\"Fuom\u00e1\u0161 L\u00e1vded\u00e1iddamusea \/ Scenkonstmuseet\"}]},{\"@type\":\"WebSite\",\"@id\":\"https:\/\/scenkonstmuseet.se\/#website\",\"url\":\"https:\/\/scenkonstmuseet.se\/\",\"name\":\"Scenkonstmuseet\",\"description\":\"\",\"potentialAction\":[{\"@type\":\"SearchAction\",\"target\":{\"@type\":\"EntryPoint\",\"urlTemplate\":\"https:\/\/scenkonstmuseet.se\/?s={search_term_string}\"},\"query-input\":{\"@type\":\"PropertyValueSpecification\",\"valueRequired\":true,\"valueName\":\"search_term_string\"}}],\"inLanguage\":\"sm\"}]}<\/script>\n<!-- \/ Yoast SEO plugin. -->","yoast_head_json":{"title":"Fuom\u00e1\u0161 L\u00e1vded\u00e1iddamusea \/ Scenkonstmuseet - Scenkonstmuseet","robots":{"index":"index","follow":"follow","max-snippet":"max-snippet:-1","max-image-preview":"max-image-preview:large","max-video-preview":"max-video-preview:-1"},"canonical":"https:\/\/scenkonstmuseet.se\/","og_locale":"en_US","og_type":"article","og_title":"Fuom\u00e1\u0161 L\u00e1vded\u00e1iddamusea \/ Scenkonstmuseet - Scenkonstmuseet","og_description":"L\u00e1vded\u00e1iddamusea lea musihka, te\u00e1htera ja d\u00e1nssa st\u00e1htala\u0161 musea. Museas deaivvadat l\u00e1vded\u00e1idaga historjj\u00e1in ja d\u00e1l\u00e1\u00e1iggiin. D\u00e1ppe oainn\u00e1t sihke l\u00e1vdebiktasiid, \u010duojanasaid, origin\u00e1lagiehta\u010d\u00e1llosiid ja maidd\u00e1i interaktiiva sta\u0161uvnnaid ja m\u00e1\u014bggabealat d\u00e1idagiid. L\u00e1vded\u00e1iddamusea lea \u010d\u00e1ppa Kronobageriijas mii muittuha 1600-logu. B\u00e1iki lea ovdal leama\u0161 l\u00e1ibbohat, vearjovuork\u00e1 ja buollinviinnavuork\u00e1. Viessu lea okta Davvi-Eurohp\u00e1 boarr\u00e1samos seailluhuvvon industriija\u00e1sahus ja lea guoss\u00e1stallamis seamm\u00e1 deh\u00e1la\u0161 oassi [&hellip;]","og_url":"https:\/\/scenkonstmuseet.se\/","og_site_name":"Scenkonstmuseet","article_modified_time":"2024-10-25T08:11:18+00:00","twitter_card":"summary_large_image","twitter_misc":{"Est. reading time":"1 minute"},"schema":{"@context":"https:\/\/schema.org","@graph":[{"@type":"WebPage","@id":"https:\/\/scenkonstmuseet.se\/","url":"https:\/\/scenkonstmuseet.se\/","name":"Fuom\u00e1\u0161 L\u00e1vded\u00e1iddamusea \/ Scenkonstmuseet - Scenkonstmuseet","isPartOf":{"@id":"https:\/\/scenkonstmuseet.se\/#website"},"datePublished":"2024-04-05T12:44:17+00:00","dateModified":"2024-10-25T08:11:18+00:00","breadcrumb":{"@id":"https:\/\/scenkonstmuseet.se\/#breadcrumb"},"inLanguage":"sm","potentialAction":[{"@type":"ReadAction","target":["https:\/\/scenkonstmuseet.se\/"]}]},{"@type":"BreadcrumbList","@id":"https:\/\/scenkonstmuseet.se\/#breadcrumb","itemListElement":[{"@type":"ListItem","position":1,"name":"Home","item":"https:\/\/scenkonstmuseet.se\/"},{"@type":"ListItem","position":2,"name":"Fuom\u00e1\u0161 L\u00e1vded\u00e1iddamusea \/ Scenkonstmuseet"}]},{"@type":"WebSite","@id":"https:\/\/scenkonstmuseet.se\/#website","url":"https:\/\/scenkonstmuseet.se\/","name":"Scenkonstmuseet","description":"","potentialAction":[{"@type":"SearchAction","target":{"@type":"EntryPoint","urlTemplate":"https:\/\/scenkonstmuseet.se\/?s={search_term_string}"},"query-input":{"@type":"PropertyValueSpecification","valueRequired":true,"valueName":"search_term_string"}}],"inLanguage":"sm"}]}},"_links":{"self":[{"href":"https:\/\/scenkonstmuseet.se\/sm\/wp-json\/wp\/v2\/pages\/1427","targetHints":{"allow":["GET"]}}],"collection":[{"href":"https:\/\/scenkonstmuseet.se\/sm\/wp-json\/wp\/v2\/pages"}],"about":[{"href":"https:\/\/scenkonstmuseet.se\/sm\/wp-json\/wp\/v2\/types\/page"}],"author":[{"embeddable":true,"href":"https:\/\/scenkonstmuseet.se\/sm\/wp-json\/wp\/v2\/users\/2"}],"replies":[{"embeddable":true,"href":"https:\/\/scenkonstmuseet.se\/sm\/wp-json\/wp\/v2\/comments?post=1427"}],"version-history":[{"count":2,"href":"https:\/\/scenkonstmuseet.se\/sm\/wp-json\/wp\/v2\/pages\/1427\/revisions"}],"predecessor-version":[{"id":1430,"href":"https:\/\/scenkonstmuseet.se\/sm\/wp-json\/wp\/v2\/pages\/1427\/revisions\/1430"}],"wp:attachment":[{"href":"https:\/\/scenkonstmuseet.se\/sm\/wp-json\/wp\/v2\/media?parent=1427"}],"curies":[{"name":"wp","href":"https:\/\/api.w.org\/{rel}","templated":true}]}}