{"id":1435,"date":"2024-04-05T14:44:17","date_gmt":"2024-04-05T12:44:17","guid":{"rendered":"https:\/\/scenkonstmuseet.se\/?page_id=1435"},"modified":"2024-10-25T10:14:03","modified_gmt":"2024-10-25T08:14:03","slug":"ava-ko-scenkonst-museum-scenkonstmuseet","status":"publish","type":"page","link":"https:\/\/scenkonstmuseet.se\/rom\/","title":{"rendered":"Ava ko Scenkonst museum \/ Scenkonstmuseet"},"content":{"rendered":"\n\n<div class=\"w-constrained richtext\"><external-link-icon>\n<p>Scenkonst museum tano jekh dr\u017eavno museum ba\u0161 i muzika, teater hem dans. Ko museum \u0161aj te arakhe i historia hem avdisutno vakti kotar umetni\u010dko scena. Akate arakhaja o kostimija, muzi\u010dko instrumentija hem originalna skriptija ko interaktivna stanice hem avera umetni\u010dka delija.<\/p>\n<\/external-link-icon><\/div>\n\n<div class=\"w-constrained richtext\"><external-link-icon>\n<p>Scenkonst museum tano ko Kronobageriet kova tano kotar 1600<sup>to<\/sup> ber\u0161. O lokalija angljeder hine pekara, oru\u017eara hem podrum ba\u0161 i rakija. Akava \u010dher tano ma\u0161karo najarakhlje industriska \u010dhera ki upruni Evropa hem but tano va\u017eno delo ked aveja te posetine amaro mueseum.<\/p>\n<\/external-link-icon><\/div>\n\n<div class=\"w-constrained richtext\"><external-link-icon>\n<p>Amen hijam inkludirime ki institucia Statens musikverk so \u010derela buti talo kulturakoro departamenti.<\/p>\n<\/external-link-icon><\/div>\n\n<div class=\"w-constrained richtext\"><external-link-icon>\n<h2 class=\"wp-block-heading\">50&nbsp;000 objektija \u2013 jekh kolekcia ki top klasa<\/h2>\n<\/external-link-icon><\/div>\n\n<div class=\"w-constrained richtext\"><external-link-icon>\n<p>Scenkonst museum isi olje kolekcia kotar 50&nbsp;000 objektija. Akate isi instrumentija, scenografiska modelija, teater lutke, kostimija hem avera umetni\u010dka delija. Amari instrument kolekcia tani jekh kotar najbare ko sveto hem isi ola 6000 objektija, kaj najpurane tane kotar 1600<sup>to<\/sup> ber\u0161.<\/p>\n<\/external-link-icon><\/div>\n\n<div class=\"w-constrained richtext\"><external-link-icon>\n<p>But objektija ko museum \u0161aj te dikhe, ama hem but objektija tane ko lager so isi ko museum. Amare manu\u0161a so \u010derena buti ko museum svako dive aktivno \u010derena buti ko arhive so isi, ko dokumentacije hem isi pana avera podr\u0161ke.<\/p>\n<\/external-link-icon><\/div>\n\n<div class=\"w-constrained richtext\"><external-link-icon>\n<p>Ako mangeja te ave ko kontakti amencar pisin amen\u0111e ki amari e-mail adresa <a href=\"mailto:samling@scenkonstmuseet.se\">samling@scenkonstmuseet.se<\/a><\/p>\n<\/external-link-icon><\/div>","protected":false},"excerpt":{"rendered":"<p>Scenkonst museum tano jekh dr\u017eavno museum ba\u0161 i muzika, teater hem dans. Ko museum \u0161aj te arakhe i historia hem avdisutno vakti kotar umetni\u010dko scena. Akate arakhaja o kostimija, muzi\u010dko instrumentija hem originalna skriptija ko interaktivna stanice hem avera umetni\u010dka delija. Scenkonst museum tano ko Kronobageriet kova tano kotar 1600to ber\u0161. O lokalija angljeder hine [&hellip;]<\/p>\n","protected":false},"author":2,"featured_media":0,"parent":0,"menu_order":-100,"comment_status":"closed","ping_status":"closed","template":"","meta":{"_acf_changed":false,"footnotes":""},"class_list":["post-1435","page","type-page","status-publish","hentry"],"acf":[],"yoast_head":"<!-- This site is optimized with the Yoast SEO plugin v25.8 - https:\/\/yoast.com\/wordpress\/plugins\/seo\/ -->\n<title>Ava ko Scenkonst museum \/ Scenkonstmuseet - Scenkonstmuseet<\/title>\n<meta name=\"robots\" content=\"index, follow, max-snippet:-1, max-image-preview:large, max-video-preview:-1\" \/>\n<link rel=\"canonical\" href=\"https:\/\/scenkonstmuseet.se\/\" \/>\n<meta property=\"og:locale\" content=\"ro_RO\" \/>\n<meta property=\"og:type\" content=\"article\" \/>\n<meta property=\"og:title\" content=\"Ava ko Scenkonst museum \/ Scenkonstmuseet - Scenkonstmuseet\" \/>\n<meta property=\"og:description\" content=\"Scenkonst museum tano jekh dr\u017eavno museum ba\u0161 i muzika, teater hem dans. Ko museum \u0161aj te arakhe i historia hem avdisutno vakti kotar umetni\u010dko scena. Akate arakhaja o kostimija, muzi\u010dko instrumentija hem originalna skriptija ko interaktivna stanice hem avera umetni\u010dka delija. Scenkonst museum tano ko Kronobageriet kova tano kotar 1600to ber\u0161. O lokalija angljeder hine [&hellip;]\" \/>\n<meta property=\"og:url\" content=\"https:\/\/scenkonstmuseet.se\/\" \/>\n<meta property=\"og:site_name\" content=\"Scenkonstmuseet\" \/>\n<meta property=\"article:modified_time\" content=\"2024-10-25T08:14:03+00:00\" \/>\n<meta name=\"twitter:card\" content=\"summary_large_image\" \/>\n<meta name=\"twitter:label1\" content=\"Est. reading time\" \/>\n\t<meta name=\"twitter:data1\" content=\"2 minutes\" \/>\n<script type=\"application\/ld+json\" class=\"yoast-schema-graph\">{\"@context\":\"https:\/\/schema.org\",\"@graph\":[{\"@type\":\"WebPage\",\"@id\":\"https:\/\/scenkonstmuseet.se\/\",\"url\":\"https:\/\/scenkonstmuseet.se\/\",\"name\":\"Ava ko Scenkonst museum \/ Scenkonstmuseet - Scenkonstmuseet\",\"isPartOf\":{\"@id\":\"https:\/\/scenkonstmuseet.se\/#website\"},\"datePublished\":\"2024-04-05T12:44:17+00:00\",\"dateModified\":\"2024-10-25T08:14:03+00:00\",\"breadcrumb\":{\"@id\":\"https:\/\/scenkonstmuseet.se\/#breadcrumb\"},\"inLanguage\":\"rom\",\"potentialAction\":[{\"@type\":\"ReadAction\",\"target\":[\"https:\/\/scenkonstmuseet.se\/\"]}]},{\"@type\":\"BreadcrumbList\",\"@id\":\"https:\/\/scenkonstmuseet.se\/#breadcrumb\",\"itemListElement\":[{\"@type\":\"ListItem\",\"position\":1,\"name\":\"Home\",\"item\":\"https:\/\/scenkonstmuseet.se\/\"},{\"@type\":\"ListItem\",\"position\":2,\"name\":\"Ava ko Scenkonst museum \/ Scenkonstmuseet\"}]},{\"@type\":\"WebSite\",\"@id\":\"https:\/\/scenkonstmuseet.se\/#website\",\"url\":\"https:\/\/scenkonstmuseet.se\/\",\"name\":\"Scenkonstmuseet\",\"description\":\"\",\"potentialAction\":[{\"@type\":\"SearchAction\",\"target\":{\"@type\":\"EntryPoint\",\"urlTemplate\":\"https:\/\/scenkonstmuseet.se\/?s={search_term_string}\"},\"query-input\":{\"@type\":\"PropertyValueSpecification\",\"valueRequired\":true,\"valueName\":\"search_term_string\"}}],\"inLanguage\":\"rom\"}]}<\/script>\n<!-- \/ Yoast SEO plugin. -->","yoast_head_json":{"title":"Ava ko Scenkonst museum \/ Scenkonstmuseet - Scenkonstmuseet","robots":{"index":"index","follow":"follow","max-snippet":"max-snippet:-1","max-image-preview":"max-image-preview:large","max-video-preview":"max-video-preview:-1"},"canonical":"https:\/\/scenkonstmuseet.se\/","og_locale":"ro_RO","og_type":"article","og_title":"Ava ko Scenkonst museum \/ Scenkonstmuseet - Scenkonstmuseet","og_description":"Scenkonst museum tano jekh dr\u017eavno museum ba\u0161 i muzika, teater hem dans. Ko museum \u0161aj te arakhe i historia hem avdisutno vakti kotar umetni\u010dko scena. Akate arakhaja o kostimija, muzi\u010dko instrumentija hem originalna skriptija ko interaktivna stanice hem avera umetni\u010dka delija. Scenkonst museum tano ko Kronobageriet kova tano kotar 1600to ber\u0161. O lokalija angljeder hine [&hellip;]","og_url":"https:\/\/scenkonstmuseet.se\/","og_site_name":"Scenkonstmuseet","article_modified_time":"2024-10-25T08:14:03+00:00","twitter_card":"summary_large_image","twitter_misc":{"Est. reading time":"2 minutes"},"schema":{"@context":"https:\/\/schema.org","@graph":[{"@type":"WebPage","@id":"https:\/\/scenkonstmuseet.se\/","url":"https:\/\/scenkonstmuseet.se\/","name":"Ava ko Scenkonst museum \/ Scenkonstmuseet - Scenkonstmuseet","isPartOf":{"@id":"https:\/\/scenkonstmuseet.se\/#website"},"datePublished":"2024-04-05T12:44:17+00:00","dateModified":"2024-10-25T08:14:03+00:00","breadcrumb":{"@id":"https:\/\/scenkonstmuseet.se\/#breadcrumb"},"inLanguage":"rom","potentialAction":[{"@type":"ReadAction","target":["https:\/\/scenkonstmuseet.se\/"]}]},{"@type":"BreadcrumbList","@id":"https:\/\/scenkonstmuseet.se\/#breadcrumb","itemListElement":[{"@type":"ListItem","position":1,"name":"Home","item":"https:\/\/scenkonstmuseet.se\/"},{"@type":"ListItem","position":2,"name":"Ava ko Scenkonst museum \/ Scenkonstmuseet"}]},{"@type":"WebSite","@id":"https:\/\/scenkonstmuseet.se\/#website","url":"https:\/\/scenkonstmuseet.se\/","name":"Scenkonstmuseet","description":"","potentialAction":[{"@type":"SearchAction","target":{"@type":"EntryPoint","urlTemplate":"https:\/\/scenkonstmuseet.se\/?s={search_term_string}"},"query-input":{"@type":"PropertyValueSpecification","valueRequired":true,"valueName":"search_term_string"}}],"inLanguage":"rom"}]}},"_links":{"self":[{"href":"https:\/\/scenkonstmuseet.se\/rom\/wp-json\/wp\/v2\/pages\/1435","targetHints":{"allow":["GET"]}}],"collection":[{"href":"https:\/\/scenkonstmuseet.se\/rom\/wp-json\/wp\/v2\/pages"}],"about":[{"href":"https:\/\/scenkonstmuseet.se\/rom\/wp-json\/wp\/v2\/types\/page"}],"author":[{"embeddable":true,"href":"https:\/\/scenkonstmuseet.se\/rom\/wp-json\/wp\/v2\/users\/2"}],"replies":[{"embeddable":true,"href":"https:\/\/scenkonstmuseet.se\/rom\/wp-json\/wp\/v2\/comments?post=1435"}],"version-history":[{"count":1,"href":"https:\/\/scenkonstmuseet.se\/rom\/wp-json\/wp\/v2\/pages\/1435\/revisions"}],"predecessor-version":[{"id":1436,"href":"https:\/\/scenkonstmuseet.se\/rom\/wp-json\/wp\/v2\/pages\/1435\/revisions\/1436"}],"wp:attachment":[{"href":"https:\/\/scenkonstmuseet.se\/rom\/wp-json\/wp\/v2\/media?parent=1435"}],"curies":[{"name":"wp","href":"https:\/\/api.w.org\/{rel}","templated":true}]}}