{"id":1431,"date":"2024-04-05T14:44:17","date_gmt":"2024-04-05T12:44:17","guid":{"rendered":"https:\/\/scenkonstmuseet.se\/?page_id=1431"},"modified":"2024-10-25T10:13:06","modified_gmt":"2024-10-25T08:13:06","slug":"huomaa-seenitaitemuseon-scenkonstmuseet","status":"publish","type":"page","link":"https:\/\/scenkonstmuseet.se\/fit\/","title":{"rendered":"Huomaa Seenitaitemuseon \/ Scenkonstmuseet \u00a0"},"content":{"rendered":"\n\n<div class=\"w-constrained richtext\"><external-link-icon>\n<p>Seenitaitemuseo oon valtiolinen museo musikille, teatterille ja tansile. Museolla sie kohtaat seenitaitheen histuurian ja nykyaijan. T\u00e4\u00e4l\u00e4 seenivaatheet, musikki-instrymentit ja alkuper\u00e4set k\u00e4sikirjotukset oon interaktiivitten asemitten ja ylheistaitheen seurassa.<\/p>\n<\/external-link-icon><\/div>\n\n<div class=\"w-constrained richtext\"><external-link-icon>\n<p>Seenitaitemuseo oon kauhniissa Kronopaakeriissa\/Kronobageriet jollako oon juuret 1600-luvulta. Huohneita oon ennen k\u00e4ytetty paakerinna, asef\u00f6rotinna ja paloviinavarastonna. Talo oon yks Pohjoseuroopan vanhiimista s\u00e4ilytetyisy\u00e4 teolisuusrakenuksista ja oon yht\u00e4 t\u00e4rke\u00e4 osa museok\u00e4ynist\u00e4 ko me\u00e4n esihneet ja instalasuunit.<\/p>\n<\/external-link-icon><\/div>\n\n<div class=\"w-constrained richtext\"><external-link-icon>\n<p>Met kuuluma virasthoon Valtion musikkilaitos\/Statens musikverk joka oon kultturiteparttementin alanen.<\/p>\n<\/external-link-icon><\/div>\n\n<div class=\"w-constrained richtext\"><external-link-icon>\n<h2 class=\"wp-block-heading\">50&nbsp;000 esinett\u00e4 \u2013 mailmanlaatunen kokoelma<\/h2>\n<\/external-link-icon><\/div>\n\n<div class=\"w-constrained richtext\"><external-link-icon>\n<p>Seenitaitemuseolla oon laaja kokoelma jossako oon kohta 50&nbsp;000 esinett\u00e4. Siel\u00e4 oon muun muassa instrymentti\u00e4, senokrafiimallia, teatteritokkia, vaatheita ja kuvataitetta. Me\u00e4n instrymenttikokoelma oon yks mailman suuriimista ja siin\u00e4 oon yli 6000 esinett\u00e4, vanhiimat varhaiselta 1600-luvulta.<\/p>\n<\/external-link-icon><\/div>\n\n<div class=\"w-constrained richtext\"><external-link-icon>\n<p>Monet museon esihneist\u00e4 mennee n\u00e4hh\u00e4 Seenitaitemuseolla mutta suuriin osa s\u00e4ilyteth\u00e4\u00e4n yhess\u00e4 museovarastossa. Me\u00e4n intententit oon jatkuvasti t\u00f6iss\u00e4 s\u00e4ilytt\u00e4m\u00e4ss\u00e4, tokymenteeraamassa ja antamassa tukea tutkimukselle.<\/p>\n<\/external-link-icon><\/div>\n\n<div class=\"w-constrained richtext\"><external-link-icon>\n<p>Jos sie halvaat k\u00e4y\u00e4 kokoelmaa kattomassa elikk\u00e4 saahmaan yhtheytt\u00e4 me\u00e4n intententitten kansa sie saatat meilata <a href=\"mailto:samling@scenkonstmuseet.se\">samling@scenkonstmuseet.se<\/a><\/p>\n<\/external-link-icon><\/div>","protected":false},"excerpt":{"rendered":"<p>Seenitaitemuseo oon valtiolinen museo musikille, teatterille ja tansile. Museolla sie kohtaat seenitaitheen histuurian ja nykyaijan. T\u00e4\u00e4l\u00e4 seenivaatheet, musikki-instrymentit ja alkuper\u00e4set k\u00e4sikirjotukset oon interaktiivitten asemitten ja ylheistaitheen seurassa. Seenitaitemuseo oon kauhniissa Kronopaakeriissa\/Kronobageriet jollako oon juuret 1600-luvulta. Huohneita oon ennen k\u00e4ytetty paakerinna, asef\u00f6rotinna ja paloviinavarastonna. Talo oon yks Pohjoseuroopan vanhiimista s\u00e4ilytetyisy\u00e4 teolisuusrakenuksista ja oon yht\u00e4 t\u00e4rke\u00e4 osa [&hellip;]<\/p>\n","protected":false},"author":2,"featured_media":0,"parent":0,"menu_order":-100,"comment_status":"closed","ping_status":"closed","template":"","meta":{"_acf_changed":false,"footnotes":""},"class_list":["post-1431","page","type-page","status-publish","hentry"],"acf":[],"yoast_head":"<!-- This site is optimized with the Yoast SEO plugin v25.8 - https:\/\/yoast.com\/wordpress\/plugins\/seo\/ -->\n<title>Huomaa Seenitaitemuseon \/ Scenkonstmuseet \u00a0 - Scenkonstmuseet<\/title>\n<meta name=\"robots\" content=\"index, follow, max-snippet:-1, max-image-preview:large, max-video-preview:-1\" \/>\n<link rel=\"canonical\" href=\"https:\/\/scenkonstmuseet.se\/\" \/>\n<meta property=\"og:locale\" content=\"fi_FI\" \/>\n<meta property=\"og:type\" content=\"article\" \/>\n<meta property=\"og:title\" content=\"Huomaa Seenitaitemuseon \/ Scenkonstmuseet \u00a0 - Scenkonstmuseet\" \/>\n<meta property=\"og:description\" content=\"Seenitaitemuseo oon valtiolinen museo musikille, teatterille ja tansile. Museolla sie kohtaat seenitaitheen histuurian ja nykyaijan. T\u00e4\u00e4l\u00e4 seenivaatheet, musikki-instrymentit ja alkuper\u00e4set k\u00e4sikirjotukset oon interaktiivitten asemitten ja ylheistaitheen seurassa. Seenitaitemuseo oon kauhniissa Kronopaakeriissa\/Kronobageriet jollako oon juuret 1600-luvulta. Huohneita oon ennen k\u00e4ytetty paakerinna, asef\u00f6rotinna ja paloviinavarastonna. Talo oon yks Pohjoseuroopan vanhiimista s\u00e4ilytetyisy\u00e4 teolisuusrakenuksista ja oon yht\u00e4 t\u00e4rke\u00e4 osa [&hellip;]\" \/>\n<meta property=\"og:url\" content=\"https:\/\/scenkonstmuseet.se\/\" \/>\n<meta property=\"og:site_name\" content=\"Scenkonstmuseet\" \/>\n<meta property=\"article:modified_time\" content=\"2024-10-25T08:13:06+00:00\" \/>\n<meta name=\"twitter:card\" content=\"summary_large_image\" \/>\n<meta name=\"twitter:label1\" content=\"Est. reading time\" \/>\n\t<meta name=\"twitter:data1\" content=\"1 minute\" \/>\n<script type=\"application\/ld+json\" class=\"yoast-schema-graph\">{\"@context\":\"https:\/\/schema.org\",\"@graph\":[{\"@type\":\"WebPage\",\"@id\":\"https:\/\/scenkonstmuseet.se\/\",\"url\":\"https:\/\/scenkonstmuseet.se\/\",\"name\":\"Huomaa Seenitaitemuseon \/ Scenkonstmuseet \u00a0 - Scenkonstmuseet\",\"isPartOf\":{\"@id\":\"https:\/\/scenkonstmuseet.se\/#website\"},\"datePublished\":\"2024-04-05T12:44:17+00:00\",\"dateModified\":\"2024-10-25T08:13:06+00:00\",\"breadcrumb\":{\"@id\":\"https:\/\/scenkonstmuseet.se\/#breadcrumb\"},\"inLanguage\":\"fit\",\"potentialAction\":[{\"@type\":\"ReadAction\",\"target\":[\"https:\/\/scenkonstmuseet.se\/\"]}]},{\"@type\":\"BreadcrumbList\",\"@id\":\"https:\/\/scenkonstmuseet.se\/#breadcrumb\",\"itemListElement\":[{\"@type\":\"ListItem\",\"position\":1,\"name\":\"Home\",\"item\":\"https:\/\/scenkonstmuseet.se\/\"},{\"@type\":\"ListItem\",\"position\":2,\"name\":\"Huomaa Seenitaitemuseon \/ Scenkonstmuseet \u00a0\"}]},{\"@type\":\"WebSite\",\"@id\":\"https:\/\/scenkonstmuseet.se\/#website\",\"url\":\"https:\/\/scenkonstmuseet.se\/\",\"name\":\"Scenkonstmuseet\",\"description\":\"\",\"potentialAction\":[{\"@type\":\"SearchAction\",\"target\":{\"@type\":\"EntryPoint\",\"urlTemplate\":\"https:\/\/scenkonstmuseet.se\/?s={search_term_string}\"},\"query-input\":{\"@type\":\"PropertyValueSpecification\",\"valueRequired\":true,\"valueName\":\"search_term_string\"}}],\"inLanguage\":\"fit\"}]}<\/script>\n<!-- \/ Yoast SEO plugin. -->","yoast_head_json":{"title":"Huomaa Seenitaitemuseon \/ Scenkonstmuseet \u00a0 - Scenkonstmuseet","robots":{"index":"index","follow":"follow","max-snippet":"max-snippet:-1","max-image-preview":"max-image-preview:large","max-video-preview":"max-video-preview:-1"},"canonical":"https:\/\/scenkonstmuseet.se\/","og_locale":"fi_FI","og_type":"article","og_title":"Huomaa Seenitaitemuseon \/ Scenkonstmuseet \u00a0 - Scenkonstmuseet","og_description":"Seenitaitemuseo oon valtiolinen museo musikille, teatterille ja tansile. Museolla sie kohtaat seenitaitheen histuurian ja nykyaijan. T\u00e4\u00e4l\u00e4 seenivaatheet, musikki-instrymentit ja alkuper\u00e4set k\u00e4sikirjotukset oon interaktiivitten asemitten ja ylheistaitheen seurassa. Seenitaitemuseo oon kauhniissa Kronopaakeriissa\/Kronobageriet jollako oon juuret 1600-luvulta. Huohneita oon ennen k\u00e4ytetty paakerinna, asef\u00f6rotinna ja paloviinavarastonna. Talo oon yks Pohjoseuroopan vanhiimista s\u00e4ilytetyisy\u00e4 teolisuusrakenuksista ja oon yht\u00e4 t\u00e4rke\u00e4 osa [&hellip;]","og_url":"https:\/\/scenkonstmuseet.se\/","og_site_name":"Scenkonstmuseet","article_modified_time":"2024-10-25T08:13:06+00:00","twitter_card":"summary_large_image","twitter_misc":{"Est. reading time":"1 minute"},"schema":{"@context":"https:\/\/schema.org","@graph":[{"@type":"WebPage","@id":"https:\/\/scenkonstmuseet.se\/","url":"https:\/\/scenkonstmuseet.se\/","name":"Huomaa Seenitaitemuseon \/ Scenkonstmuseet \u00a0 - Scenkonstmuseet","isPartOf":{"@id":"https:\/\/scenkonstmuseet.se\/#website"},"datePublished":"2024-04-05T12:44:17+00:00","dateModified":"2024-10-25T08:13:06+00:00","breadcrumb":{"@id":"https:\/\/scenkonstmuseet.se\/#breadcrumb"},"inLanguage":"fit","potentialAction":[{"@type":"ReadAction","target":["https:\/\/scenkonstmuseet.se\/"]}]},{"@type":"BreadcrumbList","@id":"https:\/\/scenkonstmuseet.se\/#breadcrumb","itemListElement":[{"@type":"ListItem","position":1,"name":"Home","item":"https:\/\/scenkonstmuseet.se\/"},{"@type":"ListItem","position":2,"name":"Huomaa Seenitaitemuseon \/ Scenkonstmuseet \u00a0"}]},{"@type":"WebSite","@id":"https:\/\/scenkonstmuseet.se\/#website","url":"https:\/\/scenkonstmuseet.se\/","name":"Scenkonstmuseet","description":"","potentialAction":[{"@type":"SearchAction","target":{"@type":"EntryPoint","urlTemplate":"https:\/\/scenkonstmuseet.se\/?s={search_term_string}"},"query-input":{"@type":"PropertyValueSpecification","valueRequired":true,"valueName":"search_term_string"}}],"inLanguage":"fit"}]}},"_links":{"self":[{"href":"https:\/\/scenkonstmuseet.se\/fit\/wp-json\/wp\/v2\/pages\/1431","targetHints":{"allow":["GET"]}}],"collection":[{"href":"https:\/\/scenkonstmuseet.se\/fit\/wp-json\/wp\/v2\/pages"}],"about":[{"href":"https:\/\/scenkonstmuseet.se\/fit\/wp-json\/wp\/v2\/types\/page"}],"author":[{"embeddable":true,"href":"https:\/\/scenkonstmuseet.se\/fit\/wp-json\/wp\/v2\/users\/2"}],"replies":[{"embeddable":true,"href":"https:\/\/scenkonstmuseet.se\/fit\/wp-json\/wp\/v2\/comments?post=1431"}],"version-history":[{"count":3,"href":"https:\/\/scenkonstmuseet.se\/fit\/wp-json\/wp\/v2\/pages\/1431\/revisions"}],"predecessor-version":[{"id":1434,"href":"https:\/\/scenkonstmuseet.se\/fit\/wp-json\/wp\/v2\/pages\/1431\/revisions\/1434"}],"wp:attachment":[{"href":"https:\/\/scenkonstmuseet.se\/fit\/wp-json\/wp\/v2\/media?parent=1431"}],"curies":[{"name":"wp","href":"https:\/\/api.w.org\/{rel}","templated":true}]}}