{"id":1389,"date":"2024-04-05T14:44:17","date_gmt":"2024-04-05T12:44:17","guid":{"rendered":"https:\/\/scenkonstmuseet.se\/?page_id=1389"},"modified":"2024-10-25T10:14:19","modified_gmt":"2024-10-25T08:14:19","slug":"tutustu-nayttamotaiteen-museoon-scenkonstmuseet","status":"publish","type":"page","link":"https:\/\/scenkonstmuseet.se\/fi\/","title":{"rendered":"Tutustu N\u00e4ytt\u00e4m\u00f6taiteen museoon \/ Scenkonstmuseet"},"content":{"rendered":"\n\n<div class=\"w-constrained richtext\"><external-link-icon>\n<p>N\u00e4ytt\u00e4m\u00f6taiteen museo on valtiollinen musiikin, teatterin ja tanssin museo. Museossa voit tutustua n\u00e4ytt\u00e4m\u00f6taiteen historiaan ja nykyaikaan. T\u00e4\u00e4ll\u00e4 esitysvaatteet, soittimet ja alkuper\u00e4iset k\u00e4sikirjoitukset ovat sulassa sovussa interaktiivisten asemien ja kokonaistaideteosten kanssa.<\/p>\n<\/external-link-icon><\/div>\n\n<div class=\"w-constrained richtext\"><external-link-icon>\n<p>N\u00e4ytt\u00e4m\u00f6taiteen museo sijaitsee kauniissa Kronobageriet-rakennuksessa, jonka juuret ovat 1600-luvulla. Tilat ovat aiemmin toimineet leipomona, asevarastona ja viinavarastona. Talo on yksi Pohjois-Euroopan vanhimmista s\u00e4ilyneist\u00e4 teollisuusrakennuksista ja yht\u00e4 t\u00e4rke\u00e4 osa museovierailua kuin esineemme ja installaatiomme.<\/p>\n<\/external-link-icon><\/div>\n\n<div class=\"w-constrained richtext\"><external-link-icon>\n<p>Olemme osa Valtion musiikkivirastoa, joka kuuluu kulttuuriministeri\u00f6n alaisuuteen.<\/p>\n<\/external-link-icon><\/div>\n\n<div class=\"w-constrained richtext\"><external-link-icon>\n<h2 class=\"wp-block-heading\">50&nbsp;000 esinett\u00e4 \u2013 maailmanluokan kokoelma<\/h2>\n<\/external-link-icon><\/div>\n\n<div class=\"w-constrained richtext\"><external-link-icon>\n<p>N\u00e4ytt\u00e4m\u00f6taiteen museon kokoelma on kattava, ja se sis\u00e4lt\u00e4\u00e4 l\u00e4hes 50&nbsp;000 esinett\u00e4. Siell\u00e4 on muun muassa instrumentteja, lavastus- ja puvustusmalleja, marionetteja, pukuja ja kuvataidetta. Instrumenttikokoelmamme on yksi maailman suurimmista ja sis\u00e4lt\u00e4\u00e4 6000 esinett\u00e4, joista vanhimmat ovat 1600-luvun alkupuolelta.<\/p>\n<\/external-link-icon><\/div>\n\n<div class=\"w-constrained richtext\"><external-link-icon>\n<p>Monet museon esineist\u00e4 ovat n\u00e4ht\u00e4v\u00e4n\u00e4 N\u00e4ytt\u00e4m\u00f6taiteen museossa, mutta suurinta osaa s\u00e4ilytet\u00e4\u00e4n museovarastossa. Intendenttimme tekev\u00e4t jatkuvasti t\u00f6it\u00e4 s\u00e4ilytyksen, dokumentoinnin ja tutkimuksen tuen parissa.<\/p>\n<\/external-link-icon><\/div>\n\n<div class=\"w-constrained richtext\"><external-link-icon>\n<p>Jos haluat n\u00e4hd\u00e4 kokoelman tai ottaa yhteytt\u00e4 intendenttiimme, voit l\u00e4hett\u00e4\u00e4 s\u00e4hk\u00f6postia osoitteeseen <a href=\"mailto:samling@scenkonstmuseet.se\">samling@scenkonstmuseet.se<\/a><\/p>\n<\/external-link-icon><\/div>","protected":false},"excerpt":{"rendered":"<p>N\u00e4ytt\u00e4m\u00f6taiteen museo on valtiollinen musiikin, teatterin ja tanssin museo. Museossa voit tutustua n\u00e4ytt\u00e4m\u00f6taiteen historiaan ja nykyaikaan. T\u00e4\u00e4ll\u00e4 esitysvaatteet, soittimet ja alkuper\u00e4iset k\u00e4sikirjoitukset ovat sulassa sovussa interaktiivisten asemien ja kokonaistaideteosten kanssa. N\u00e4ytt\u00e4m\u00f6taiteen museo sijaitsee kauniissa Kronobageriet-rakennuksessa, jonka juuret ovat 1600-luvulla. Tilat ovat aiemmin toimineet leipomona, asevarastona ja viinavarastona. Talo on yksi Pohjois-Euroopan vanhimmista s\u00e4ilyneist\u00e4 teollisuusrakennuksista ja [&hellip;]<\/p>\n","protected":false},"author":2,"featured_media":0,"parent":0,"menu_order":-100,"comment_status":"closed","ping_status":"closed","template":"","meta":{"_acf_changed":false,"footnotes":""},"class_list":["post-1389","page","type-page","status-publish","hentry"],"acf":[],"yoast_head":"<!-- This site is optimized with the Yoast SEO plugin v25.8 - https:\/\/yoast.com\/wordpress\/plugins\/seo\/ -->\n<title>Tutustu N\u00e4ytt\u00e4m\u00f6taiteen museoon \/ Scenkonstmuseet - Scenkonstmuseet<\/title>\n<meta name=\"robots\" content=\"index, follow, max-snippet:-1, max-image-preview:large, max-video-preview:-1\" \/>\n<link rel=\"canonical\" href=\"https:\/\/scenkonstmuseet.se\/\" \/>\n<meta property=\"og:locale\" content=\"fi_FI\" \/>\n<meta property=\"og:type\" content=\"article\" \/>\n<meta property=\"og:title\" content=\"Tutustu N\u00e4ytt\u00e4m\u00f6taiteen museoon \/ Scenkonstmuseet - Scenkonstmuseet\" \/>\n<meta property=\"og:description\" content=\"N\u00e4ytt\u00e4m\u00f6taiteen museo on valtiollinen musiikin, teatterin ja tanssin museo. Museossa voit tutustua n\u00e4ytt\u00e4m\u00f6taiteen historiaan ja nykyaikaan. T\u00e4\u00e4ll\u00e4 esitysvaatteet, soittimet ja alkuper\u00e4iset k\u00e4sikirjoitukset ovat sulassa sovussa interaktiivisten asemien ja kokonaistaideteosten kanssa. N\u00e4ytt\u00e4m\u00f6taiteen museo sijaitsee kauniissa Kronobageriet-rakennuksessa, jonka juuret ovat 1600-luvulla. Tilat ovat aiemmin toimineet leipomona, asevarastona ja viinavarastona. Talo on yksi Pohjois-Euroopan vanhimmista s\u00e4ilyneist\u00e4 teollisuusrakennuksista ja [&hellip;]\" \/>\n<meta property=\"og:url\" content=\"https:\/\/scenkonstmuseet.se\/\" \/>\n<meta property=\"og:site_name\" content=\"Scenkonstmuseet\" \/>\n<meta property=\"article:modified_time\" content=\"2024-10-25T08:14:19+00:00\" \/>\n<meta name=\"twitter:card\" content=\"summary_large_image\" \/>\n<meta name=\"twitter:label1\" content=\"Est. reading time\" \/>\n\t<meta name=\"twitter:data1\" content=\"1 minute\" \/>\n<script type=\"application\/ld+json\" class=\"yoast-schema-graph\">{\"@context\":\"https:\/\/schema.org\",\"@graph\":[{\"@type\":\"WebPage\",\"@id\":\"https:\/\/scenkonstmuseet.se\/\",\"url\":\"https:\/\/scenkonstmuseet.se\/\",\"name\":\"Tutustu N\u00e4ytt\u00e4m\u00f6taiteen museoon \/ Scenkonstmuseet - Scenkonstmuseet\",\"isPartOf\":{\"@id\":\"https:\/\/scenkonstmuseet.se\/#website\"},\"datePublished\":\"2024-04-05T12:44:17+00:00\",\"dateModified\":\"2024-10-25T08:14:19+00:00\",\"breadcrumb\":{\"@id\":\"https:\/\/scenkonstmuseet.se\/#breadcrumb\"},\"inLanguage\":\"fi\",\"potentialAction\":[{\"@type\":\"ReadAction\",\"target\":[\"https:\/\/scenkonstmuseet.se\/\"]}]},{\"@type\":\"BreadcrumbList\",\"@id\":\"https:\/\/scenkonstmuseet.se\/#breadcrumb\",\"itemListElement\":[{\"@type\":\"ListItem\",\"position\":1,\"name\":\"Home\",\"item\":\"https:\/\/scenkonstmuseet.se\/\"},{\"@type\":\"ListItem\",\"position\":2,\"name\":\"Tutustu N\u00e4ytt\u00e4m\u00f6taiteen museoon \/ Scenkonstmuseet\"}]},{\"@type\":\"WebSite\",\"@id\":\"https:\/\/scenkonstmuseet.se\/#website\",\"url\":\"https:\/\/scenkonstmuseet.se\/\",\"name\":\"Scenkonstmuseet\",\"description\":\"\",\"potentialAction\":[{\"@type\":\"SearchAction\",\"target\":{\"@type\":\"EntryPoint\",\"urlTemplate\":\"https:\/\/scenkonstmuseet.se\/?s={search_term_string}\"},\"query-input\":{\"@type\":\"PropertyValueSpecification\",\"valueRequired\":true,\"valueName\":\"search_term_string\"}}],\"inLanguage\":\"fi\"}]}<\/script>\n<!-- \/ Yoast SEO plugin. -->","yoast_head_json":{"title":"Tutustu N\u00e4ytt\u00e4m\u00f6taiteen museoon \/ Scenkonstmuseet - Scenkonstmuseet","robots":{"index":"index","follow":"follow","max-snippet":"max-snippet:-1","max-image-preview":"max-image-preview:large","max-video-preview":"max-video-preview:-1"},"canonical":"https:\/\/scenkonstmuseet.se\/","og_locale":"fi_FI","og_type":"article","og_title":"Tutustu N\u00e4ytt\u00e4m\u00f6taiteen museoon \/ Scenkonstmuseet - Scenkonstmuseet","og_description":"N\u00e4ytt\u00e4m\u00f6taiteen museo on valtiollinen musiikin, teatterin ja tanssin museo. Museossa voit tutustua n\u00e4ytt\u00e4m\u00f6taiteen historiaan ja nykyaikaan. T\u00e4\u00e4ll\u00e4 esitysvaatteet, soittimet ja alkuper\u00e4iset k\u00e4sikirjoitukset ovat sulassa sovussa interaktiivisten asemien ja kokonaistaideteosten kanssa. N\u00e4ytt\u00e4m\u00f6taiteen museo sijaitsee kauniissa Kronobageriet-rakennuksessa, jonka juuret ovat 1600-luvulla. Tilat ovat aiemmin toimineet leipomona, asevarastona ja viinavarastona. Talo on yksi Pohjois-Euroopan vanhimmista s\u00e4ilyneist\u00e4 teollisuusrakennuksista ja [&hellip;]","og_url":"https:\/\/scenkonstmuseet.se\/","og_site_name":"Scenkonstmuseet","article_modified_time":"2024-10-25T08:14:19+00:00","twitter_card":"summary_large_image","twitter_misc":{"Est. reading time":"1 minute"},"schema":{"@context":"https:\/\/schema.org","@graph":[{"@type":"WebPage","@id":"https:\/\/scenkonstmuseet.se\/","url":"https:\/\/scenkonstmuseet.se\/","name":"Tutustu N\u00e4ytt\u00e4m\u00f6taiteen museoon \/ Scenkonstmuseet - Scenkonstmuseet","isPartOf":{"@id":"https:\/\/scenkonstmuseet.se\/#website"},"datePublished":"2024-04-05T12:44:17+00:00","dateModified":"2024-10-25T08:14:19+00:00","breadcrumb":{"@id":"https:\/\/scenkonstmuseet.se\/#breadcrumb"},"inLanguage":"fi","potentialAction":[{"@type":"ReadAction","target":["https:\/\/scenkonstmuseet.se\/"]}]},{"@type":"BreadcrumbList","@id":"https:\/\/scenkonstmuseet.se\/#breadcrumb","itemListElement":[{"@type":"ListItem","position":1,"name":"Home","item":"https:\/\/scenkonstmuseet.se\/"},{"@type":"ListItem","position":2,"name":"Tutustu N\u00e4ytt\u00e4m\u00f6taiteen museoon \/ Scenkonstmuseet"}]},{"@type":"WebSite","@id":"https:\/\/scenkonstmuseet.se\/#website","url":"https:\/\/scenkonstmuseet.se\/","name":"Scenkonstmuseet","description":"","potentialAction":[{"@type":"SearchAction","target":{"@type":"EntryPoint","urlTemplate":"https:\/\/scenkonstmuseet.se\/?s={search_term_string}"},"query-input":{"@type":"PropertyValueSpecification","valueRequired":true,"valueName":"search_term_string"}}],"inLanguage":"fi"}]}},"_links":{"self":[{"href":"https:\/\/scenkonstmuseet.se\/fi\/wp-json\/wp\/v2\/pages\/1389","targetHints":{"allow":["GET"]}}],"collection":[{"href":"https:\/\/scenkonstmuseet.se\/fi\/wp-json\/wp\/v2\/pages"}],"about":[{"href":"https:\/\/scenkonstmuseet.se\/fi\/wp-json\/wp\/v2\/types\/page"}],"author":[{"embeddable":true,"href":"https:\/\/scenkonstmuseet.se\/fi\/wp-json\/wp\/v2\/users\/2"}],"replies":[{"embeddable":true,"href":"https:\/\/scenkonstmuseet.se\/fi\/wp-json\/wp\/v2\/comments?post=1389"}],"version-history":[{"count":5,"href":"https:\/\/scenkonstmuseet.se\/fi\/wp-json\/wp\/v2\/pages\/1389\/revisions"}],"predecessor-version":[{"id":1437,"href":"https:\/\/scenkonstmuseet.se\/fi\/wp-json\/wp\/v2\/pages\/1389\/revisions\/1437"}],"wp:attachment":[{"href":"https:\/\/scenkonstmuseet.se\/fi\/wp-json\/wp\/v2\/media?parent=1389"}],"curies":[{"name":"wp","href":"https:\/\/api.w.org\/{rel}","templated":true}]}}